{"id":1297,"date":"2025-04-08T09:02:05","date_gmt":"2025-04-08T09:02:05","guid":{"rendered":"https:\/\/wordpressdemo.webkul.com\/woocommerce-wcfm-marketplace-shopify-connector\/product\/pollen-white-widow2\/"},"modified":"2025-04-08T09:02:09","modified_gmt":"2025-04-08T09:02:09","slug":"pollen-white-widow2","status":"publish","type":"product","link":"https:\/\/wordpressdemo.webkul.com\/woocommerce-wcfm-marketplace-shopify-connector\/product\/pollen-white-widow2\/","title":{"rendered":"Pollen White Widow2"},"content":{"rendered":"<div style=\"width: 500px;\" class=\"wp-video\"><video class=\"wp-video-shortcode\" id=\"video-1297-1\" width=\"500\" height=\"500\" preload=\"metadata\" controls=\"controls\"><source type=\"video\/mp4\" src=\"https:\/\/www.highfivecbd.fr\/wp-content\/uploads\/2020\/12\/pollen-white-widow-cbd.mp4?_=1\" \/><a href=\"https:\/\/www.highfivecbd.fr\/wp-content\/uploads\/2020\/12\/pollen-white-widow-cbd.mp4\">https:\/\/www.highfivecbd.fr\/wp-content\/uploads\/2020\/12\/pollen-white-widow-cbd.mp4<\/a><\/video><\/div>\n<h2>Introduction<\/h2>\n<p>La <strong>White Widow<\/strong> est une l\u00e9gende du cannabis qui a su faire sa r\u00e9putation en grande partie dans les coffee shop Hollandais au cours des ann\u00e9es 90.<\/p>\n<p>Sa d\u00e9clinaison <a href=\"https:\/\/www.highfivecbd.fr\/blog\/cbd\/\">cbd<\/a> n&#8217;a pas tard\u00e9 \u00e0 arriver sur le march\u00e9 avec l&#8217;essor du cannabidiol. Pour notre plus grand plaisir puisque c&#8217;est une <strong>vari\u00e9t\u00e9 qui ne laisse pas indiff\u00e9rent<\/strong>.<\/p>\n<p>Il fallait forc\u00e9ment aussi tester les diff\u00e9rents d\u00e9riv\u00e9s possibles avec cette nouvelle <strong>White Widow en cbd<\/strong> : c&#8217;est ce que nous vous pr\u00e9sentons ici avec le<strong> Pollen de White Widow<\/strong>.<\/p>\n<h2>Mode de Fabrication<\/h2>\n<p><img loading=\"lazy\" decoding=\"async\" class=\"size-full wp-image-14650 alignleft\" src=\"https:\/\/www.highfivecbd.fr\/wp-content\/uploads\/2020\/12\/Pollen-White-Widow-CBD-transp.png\" alt=\"Pollen White Widow CBD transp\" width=\"600\" height=\"600\">Ce produit du cannabis souvent appel\u00e9 <strong>&#8220;pollen&#8221;<\/strong> est en fait un <strong>hash<\/strong> avec un <strong>mode de production particulier<\/strong>.<\/p>\n<p>En effet ce n&#8217;est pas du pollen puisque celui-ci est r\u00e9cup\u00e9r\u00e9 sur les fleurs femelles non-f\u00e9cond\u00e9es ( celle que l&#8217;on consomme dans le cannabis ) celles-ci ne concentrent donc aucun pollen mais des <a href=\"https:\/\/www.highfivecbd.fr\/blog\/trichomes-cananbis\/\">trichomes<\/a>.<\/p>\n<p>Ce sont des <strong>glandes r\u00e9sineuses<\/strong> qui ont pour but de prot\u00e9ger les futures graines de la plante. Ce sont ces trichomes que l&#8217;on r\u00e9cup\u00e8re pour <strong>fabriquer du haschich<\/strong>.<\/p>\n<p>Pour obtenir du <strong>pollen<\/strong> il faut une vari\u00e9t\u00e9 avec des <strong>trichomes assez sableux<\/strong>, utiliser la technique du<strong> tamis<\/strong> et \u00e9viter les manipulations et chauffes excessives qui am\u00e8neraient le produit \u00e0 noircir et \u00e0 s&#8217;agglom\u00e9rer.<\/p>\n<p>Vous obtenez alors un <strong>amas de trichomes<\/strong> de couleur jaune qui s\u2019effrite facilement : ce que nous appelons &#8220;pollen&#8221; par abus de langage, au vu de sa ressemblance avec ce dernier.<\/p>\n<h2>Go\u00fbt Pollen White Widow<\/h2>\n<p>C&#8217;est le cas pour ce <strong>pollen de White Widow<\/strong> qui nous laisse retrouver les <strong>ar\u00f4mes percutants<\/strong> de cette vari\u00e9t\u00e9 mythique.<\/p>\n<p>On retrouve ce <strong>go\u00fbt de citron chimique<\/strong> en premier plan avec des <strong>notes de c\u00e8dre<\/strong>. En fin de bouche viennent des <strong>ar\u00f4mes plus \u00e9pic\u00e9s<\/strong> qui donnent un peu plus de caract\u00e8re \u00e0 ce <strong>bouquet exceptionnel<\/strong>.<\/p>\n<p>Retrouver notre article sur les <a href=\"https:\/\/www.highfivecbd.fr\/blog\/origine-white-widow\/\">origines de la White Widow<\/a> pour en apprendre plus sur cette vari\u00e9t\u00e9 mythique !<\/p>\n<h2>Taux de Cannabidiol<\/h2>\n<p><img loading=\"lazy\" decoding=\"async\" class=\"size-full wp-image-15152 alignright\" src=\"https:\/\/www.highfivecbd.fr\/wp-content\/uploads\/2020\/12\/Pollen-White-Widow-CBD-packshot-article.png\" alt=\"Pollen-White-Widow-CBD-packshot-article\" width=\"600\" height=\"359\">Ce <strong>Pollen de White Widow<\/strong> oscille autour des <strong>18%<\/strong> <strong>de cbd<\/strong> ce qui en fait un<strong> hasch avec une forte concentration<\/strong> en cannabidiol.<\/p>\n<p>Il sera donc adapt\u00e9 pour ceux qui souhaitent de hautes concentrations en <a href=\"https:\/\/www.highfivecbd.fr\/blog\/cannabinoides\/\">cannabino\u00efdes<\/a> mais aussi pour <strong>le soir<\/strong> o\u00f9 ce <strong>Pollen<\/strong> sera id\u00e9al pour <strong>amener la d\u00e9tente puis l&#8217;endormissement<\/strong>.<\/p>\n<p>Suivez ce lien pour d\u00e9couvrir notre article sur les <a href=\"https:\/\/www.highfivecbd.fr\/blog\/effets-cbd\/\">effets du cbd<\/a>.<\/p>\n<p>Venez d\u00e9couvrir toutes nos <a href=\"https:\/\/www.highfivecbd.fr\/cat\/resine-cbd\/\">r\u00e9sines de cbd<\/a> ici.<\/p>\n","protected":false},"excerpt":{"rendered":"<p>Introduction La White Widow est une l\u00e9gende du cannabis qui a su faire sa r\u00e9putation en grande partie dans les coffee shop Hollandais au cours des ann\u00e9es 90. Sa d\u00e9clinaison cbd n&#8217;a pas tard\u00e9 \u00e0 arriver sur le march\u00e9 avec l&#8217;essor du cannabidiol. Pour notre plus grand plaisir puisque c&#8217;est une vari\u00e9t\u00e9 qui ne laisse [&hellip;]<\/p>\n","protected":false},"featured_media":0,"comment_status":"open","ping_status":"closed","template":"","meta":[],"product_brand":[],"product_cat":[15],"product_tag":[],"class_list":{"0":"post-1297","1":"product","2":"type-product","3":"status-publish","5":"product_cat-uncategorized","7":"first","8":"outofstock","9":"shipping-taxable","10":"purchasable","11":"product-type-variable"},"_links":{"self":[{"href":"https:\/\/wordpressdemo.webkul.com\/woocommerce-wcfm-marketplace-shopify-connector\/wp-json\/wp\/v2\/product\/1297","targetHints":{"allow":["GET"]}}],"collection":[{"href":"https:\/\/wordpressdemo.webkul.com\/woocommerce-wcfm-marketplace-shopify-connector\/wp-json\/wp\/v2\/product"}],"about":[{"href":"https:\/\/wordpressdemo.webkul.com\/woocommerce-wcfm-marketplace-shopify-connector\/wp-json\/wp\/v2\/types\/product"}],"replies":[{"embeddable":true,"href":"https:\/\/wordpressdemo.webkul.com\/woocommerce-wcfm-marketplace-shopify-connector\/wp-json\/wp\/v2\/comments?post=1297"}],"wp:attachment":[{"href":"https:\/\/wordpressdemo.webkul.com\/woocommerce-wcfm-marketplace-shopify-connector\/wp-json\/wp\/v2\/media?parent=1297"}],"wp:term":[{"taxonomy":"product_brand","embeddable":true,"href":"https:\/\/wordpressdemo.webkul.com\/woocommerce-wcfm-marketplace-shopify-connector\/wp-json\/wp\/v2\/product_brand?post=1297"},{"taxonomy":"product_cat","embeddable":true,"href":"https:\/\/wordpressdemo.webkul.com\/woocommerce-wcfm-marketplace-shopify-connector\/wp-json\/wp\/v2\/product_cat?post=1297"},{"taxonomy":"product_tag","embeddable":true,"href":"https:\/\/wordpressdemo.webkul.com\/woocommerce-wcfm-marketplace-shopify-connector\/wp-json\/wp\/v2\/product_tag?post=1297"}],"curies":[{"name":"wp","href":"https:\/\/api.w.org\/{rel}","templated":true}]}}